{"id":139,"date":"2023-04-24T22:36:07","date_gmt":"2023-04-24T22:36:07","guid":{"rendered":"https:\/\/bigstar.com.do\/?page_id=139"},"modified":"2023-07-31T15:36:25","modified_gmt":"2023-07-31T15:36:25","slug":"quienes-somos","status":"publish","type":"page","link":"https:\/\/bigstar.com.do\/?page_id=139","title":{"rendered":"Quienes Somos"},"content":{"rendered":"<p>[et_pb_section fb_built=\u00bb1&#8243; admin_label=\u00bbHeader\u00bb _builder_version=\u00bb4.16&#8243; use_background_color_gradient=\u00bbon\u00bb background_color_gradient_stops=\u00bbrgba(0,0,0,0.5) 0%|#000000 100%\u00bb background_color_gradient_overlays_image=\u00bbon\u00bb background_color_gradient_start=\u00bbrgba(0,0,0,0.5)\u00bb background_color_gradient_end=\u00bb#000000&#8243; background_image=\u00bbhttps:\/\/bigstar.com.do\/wp-content\/uploads\/2023\/04\/movie-02.jpg\u00bb locked=\u00bboff\u00bb global_colors_info=\u00bb{}\u00bb][et_pb_row _builder_version=\u00bb4.16&#8243; global_colors_info=\u00bb{}\u00bb][et_pb_column type=\u00bb4_4&#8243; _builder_version=\u00bb4.16&#8243; global_colors_info=\u00bb{}\u00bb][et_pb_text _builder_version=\u00bb4.16&#8243; text_text_color=\u00bbrgba(255,255,255,0.5)\u00bb text_font_size=\u00bb16px\u00bb text_line_height=\u00bb1.8em\u00bb header_font=\u00bbMontserrat|300||on|||||\u00bb header_font_size=\u00bb6vw\u00bb header_line_height=\u00bb1.2em\u00bb header_3_font=\u00bbMontserrat|700||on|||||\u00bb header_3_text_color=\u00bbrgba(255,255,255,0.5)\u00bb header_3_font_size=\u00bb16px\u00bb header_3_letter_spacing=\u00bb2px\u00bb header_3_line_height=\u00bb1.4em\u00bb background_layout=\u00bbdark\u00bb header_3_font_size_tablet=\u00bb14px\u00bb header_3_font_size_phone=\u00bb\u00bb header_3_font_size_last_edited=\u00bbon|phone\u00bb text_text_align=\u00bbleft\u00bb locked=\u00bboff\u00bb global_colors_info=\u00bb{}\u00bb]<\/p>\n<h3><span style=\"color: #ffb805;\">BIG STAR<\/span><\/h3>\n<h1><strong>Quienes SOMOS<\/strong><\/h1>\n<p>[\/et_pb_text][\/et_pb_column][\/et_pb_row][\/et_pb_section][et_pb_section fb_built=\u00bb1&#8243; specialty=\u00bbon\u00bb admin_label=\u00bbFeature List\u00bb _builder_version=\u00bb4.16&#8243; background_color=\u00bb#000000&#8243; global_colors_info=\u00bb{}\u00bb][et_pb_column type=\u00bb1_3&#8243; _builder_version=\u00bb4.16&#8243; custom_padding=\u00bb|||\u00bb global_colors_info=\u00bb{}\u00bb custom_padding__hover=\u00bb|||\u00bb][et_pb_image src=\u00bbhttps:\/\/bigstar.com.do\/wp-content\/uploads\/2023\/04\/foto-derecha-contact.jpg\u00bb title_text=\u00bbfoto-derecha-contact\u00bb force_fullwidth=\u00bbon\u00bb _builder_version=\u00bb4.20.4&#8243; _module_preset=\u00bbdefault\u00bb height=\u00bb252px\u00bb custom_margin=\u00bb||6px|||\u00bb custom_padding=\u00bb11px|||||\u00bb global_colors_info=\u00bb{}\u00bb][\/et_pb_image][\/et_pb_column][et_pb_column type=\u00bb2_3&#8243; specialty_columns=\u00bb2&#8243; _builder_version=\u00bb4.16&#8243; custom_padding=\u00bb|||\u00bb global_colors_info=\u00bb{}\u00bb custom_padding__hover=\u00bb|||\u00bb][et_pb_row_inner column_structure=\u00bb1_2,1_2&#8243; custom_padding_last_edited=\u00bbon|phone\u00bb _builder_version=\u00bb4.20.4&#8243; custom_padding=\u00bb40px|40px|40px|40px|true|true\u00bb custom_padding_tablet=\u00bb30px|30px|30px|30px|true|true\u00bb custom_padding_phone=\u00bb20px|20px|20px|20px|true|true\u00bb border_width_all=\u00bb4px\u00bb border_color_all=\u00bb#ffb805&#8243; global_colors_info=\u00bb{}\u00bb][et_pb_column_inner type=\u00bb1_2&#8243; saved_specialty_column_type=\u00bb2_3&#8243; _builder_version=\u00bb4.16&#8243; global_colors_info=\u00bb{}\u00bb][et_pb_text _builder_version=\u00bb4.20.4&#8243; header_3_font=\u00bbMontserrat|700|||||||\u00bb header_3_line_height=\u00bb1.2em\u00bb background_layout=\u00bbdark\u00bb max_width=\u00bb600px\u00bb header_3_font_size_tablet=\u00bb20px\u00bb header_3_font_size_phone=\u00bb18px\u00bb header_3_font_size_last_edited=\u00bbon|phone\u00bb locked=\u00bboff\u00bb global_colors_info=\u00bb{}\u00bb]<\/p>\n<h3><span style=\"color: #ffb805;\">Misi\u00f3n<\/span><\/h3>\n<p><span>Crear experiencias inolvidables para todos aquellos que asistan nuestros eventos.<\/span><\/p>\n<p>[\/et_pb_text][et_pb_text _builder_version=\u00bb4.20.4&#8243; header_3_font=\u00bbMontserrat|700|||||||\u00bb header_3_line_height=\u00bb1.2em\u00bb background_layout=\u00bbdark\u00bb max_width=\u00bb600px\u00bb header_3_font_size_tablet=\u00bb20px\u00bb header_3_font_size_phone=\u00bb18px\u00bb header_3_font_size_last_edited=\u00bbon|phone\u00bb locked=\u00bboff\u00bb global_colors_info=\u00bb{}\u00bb]<\/p>\n<h3><span style=\"color: #ffb805;\">Valores<\/span><\/h3>\n<p><span>Pasi\u00f3n, calidad, responsabilidad, seguridad, creatividad, diversidad, trabajo en<\/span><br \/><span>equipo y orientaci\u00f3n al cliente<\/span><\/p>\n<p>[\/et_pb_text][\/et_pb_column_inner][et_pb_column_inner type=\u00bb1_2&#8243; saved_specialty_column_type=\u00bb2_3&#8243; _builder_version=\u00bb4.16&#8243; global_colors_info=\u00bb{}\u00bb][et_pb_text _builder_version=\u00bb4.16&#8243; header_3_font=\u00bbMontserrat|700|||||||\u00bb header_3_line_height=\u00bb1.2em\u00bb background_layout=\u00bbdark\u00bb max_width=\u00bb600px\u00bb header_3_font_size_tablet=\u00bb20px\u00bb header_3_font_size_phone=\u00bb18px\u00bb header_3_font_size_last_edited=\u00bbon|phone\u00bb locked=\u00bboff\u00bb global_colors_info=\u00bb{}\u00bb]<\/p>\n<h3><span style=\"color: #ffb805;\">Visi\u00f3n<\/span><\/h3>\n<p><span>Queremos ser la empresa organizadora de eventos n\u00famero uno en LATAM.\u00a0<\/span><\/p>\n<p>[\/et_pb_text][\/et_pb_column_inner][\/et_pb_row_inner][\/et_pb_column][\/et_pb_section][et_pb_section fb_built=\u00bb1&#8243; admin_label=\u00bbCTA\u00bb _builder_version=\u00bb4.16&#8243; background_color=\u00bb#000000&#8243; locked=\u00bboff\u00bb global_colors_info=\u00bb{}\u00bb][et_pb_row _builder_version=\u00bb4.16&#8243; max_width=\u00bb600px\u00bb global_colors_info=\u00bb{}\u00bb custom_padding=\u00bb||27px|||\u00bb][et_pb_column type=\u00bb4_4&#8243; _builder_version=\u00bb4.16&#8243; global_colors_info=\u00bb{}\u00bb][et_pb_text _builder_version=\u00bb4.20.4&#8243; text_text_color=\u00bb#FFFFFF\u00bb text_font_size=\u00bb16px\u00bb text_line_height=\u00bb1.8em\u00bb header_3_font=\u00bbMontserrat|700||on|||||\u00bb header_3_text_color=\u00bb#f9002b\u00bb header_3_font_size=\u00bb16px\u00bb header_3_letter_spacing=\u00bb2px\u00bb header_3_line_height=\u00bb1.4em\u00bb text_orientation=\u00bbcenter\u00bb background_layout=\u00bbdark\u00bb max_width=\u00bb600px\u00bb module_alignment=\u00bbcenter\u00bb hover_enabled=\u00bb0&#8243; text_font_size_tablet=\u00bb15px\u00bb text_font_size_phone=\u00bb14px\u00bb text_font_size_last_edited=\u00bbon|phone\u00bb header_3_font_size_tablet=\u00bb14px\u00bb header_3_font_size_phone=\u00bb\u00bb header_3_font_size_last_edited=\u00bbon|phone\u00bb global_colors_info=\u00bb{}\u00bb sticky_enabled=\u00bb0&#8243;]<\/p>\n<h3><span style=\"color: #ffb805;\">Nuestra Historia<\/span><\/h3>\n<p style=\"text-align: justify;\">Nacida en el Distrito Nacional, Rep\u00fablica Dominicana en el 2008. Big Star Entertainment es una empresa de espect\u00e1culos teatrales y art\u00edsticos que tiene 15 a\u00f1os de trayectoria en el mercado, promoviendo eventos de alta calidad para las familias latinoamericanas tales como:<br \/>Backyardigans 1 y 2, Dogs, Ben 10, Peppa Pig 1 y 2, Masha y El Oso 1 y 2, Paw Patrol, Nick Jr. Live! Baila con Ritmo, PJ Mask y Shopkins.<\/p>\n<p style=\"text-align: justify;\">Desde el 2019 diversificamos nuestro portafolio para brindar experiencias a todos los p\u00fablicos mediante Big Star Live! siendo responsables de la producci\u00f3n de eventos como Pedro Guerra en el Teatro Nacional en el 2019 y 2021, \u00c1lvaro Torres en el Teatro Nacional 2020, CNCO en el Teatro Nacional 2022, Ballet de Ucrania by Grand Kiev en el Teatro Nacional 2022, entre otros\u2026<\/p>\n<p style=\"text-align: justify;\">En el 2021 realizamos una amplia variedad de Live Streams como: Bunbury, Gloria Trevi, Lupita D\u2019Alessio, IL DIVO, CNCO, Christian Nodal, Mocedades, Lucero y Mijares, Alejandra Guzm\u00e1n, entre otros\u2026<\/p>\n<p style=\"text-align: justify;\">En Big Star Entertainment nos tomamos muy en serio la satisfacci\u00f3n de nuestros clientes, brind\u00e1ndoles un excelente servicio al cliente y mediante la producci\u00f3n de espect\u00e1culos de alta calidad. Como marca, para nosotros es muy importante crear una relaci\u00f3n de cercan\u00eda con nuestros clientes; escuchando sus necesidades, opiniones y sugerencias para seguir brindandoles el mejor servicio.<\/p>\n<p>[\/et_pb_text][\/et_pb_column][\/et_pb_row][\/et_pb_section]<\/p>\n","protected":false},"excerpt":{"rendered":"<p>BIG STAR Quienes SOMOSMisi\u00f3n Crear experiencias inolvidables para todos aquellos que asistan nuestros eventos.Valores Pasi\u00f3n, calidad, responsabilidad, seguridad, creatividad, diversidad, trabajo enequipo y orientaci\u00f3n al clienteVisi\u00f3n Queremos ser la empresa organizadora de eventos n\u00famero uno en LATAM.\u00a0Nuestra Historia Nacida en el Distrito Nacional, Rep\u00fablica Dominicana en el 2008. Big Star Entertainment es una empresa de [&hellip;]<\/p>\n","protected":false},"author":1,"featured_media":0,"parent":0,"menu_order":0,"comment_status":"closed","ping_status":"closed","template":"","meta":{"_et_pb_use_builder":"on","_et_pb_old_content":"","_et_gb_content_width":"","_joinchat":[],"footnotes":""},"class_list":["post-139","page","type-page","status-publish","hentry"],"_links":{"self":[{"href":"https:\/\/bigstar.com.do\/index.php?rest_route=\/wp\/v2\/pages\/139","targetHints":{"allow":["GET"]}}],"collection":[{"href":"https:\/\/bigstar.com.do\/index.php?rest_route=\/wp\/v2\/pages"}],"about":[{"href":"https:\/\/bigstar.com.do\/index.php?rest_route=\/wp\/v2\/types\/page"}],"author":[{"embeddable":true,"href":"https:\/\/bigstar.com.do\/index.php?rest_route=\/wp\/v2\/users\/1"}],"replies":[{"embeddable":true,"href":"https:\/\/bigstar.com.do\/index.php?rest_route=%2Fwp%2Fv2%2Fcomments&post=139"}],"version-history":[{"count":5,"href":"https:\/\/bigstar.com.do\/index.php?rest_route=\/wp\/v2\/pages\/139\/revisions"}],"predecessor-version":[{"id":192,"href":"https:\/\/bigstar.com.do\/index.php?rest_route=\/wp\/v2\/pages\/139\/revisions\/192"}],"wp:attachment":[{"href":"https:\/\/bigstar.com.do\/index.php?rest_route=%2Fwp%2Fv2%2Fmedia&parent=139"}],"curies":[{"name":"wp","href":"https:\/\/api.w.org\/{rel}","templated":true}]}}